{"id":1120,"date":"2024-03-04T14:47:55","date_gmt":"2024-03-04T19:47:55","guid":{"rendered":"https:\/\/gtgav.com\/privacy-policy\/"},"modified":"2026-01-09T08:59:21","modified_gmt":"2026-01-09T13:59:21","slug":"politica-de-privacidad","status":"publish","type":"page","link":"https:\/\/gtgav.com\/es\/politica-de-privacidad\/","title":{"rendered":"Pol\u00edtica de Privacidad"},"content":{"rendered":"","protected":false},"excerpt":{"rendered":"","protected":false},"author":1,"featured_media":0,"parent":0,"menu_order":20,"comment_status":"closed","ping_status":"closed","template":"page-templates\/template-wysiwyg.php","meta":{"_acf_changed":false,"footnotes":""},"class_list":["post-1120","page","type-page","status-publish","hentry"],"acf":[],"yoast_head":"<!-- This site is optimized with the Yoast SEO plugin v27.6 - https:\/\/yoast.com\/product\/yoast-seo-wordpress\/ -->\n<title>GTG Aviation Consulting | Pol\u00edtica de Privacidad<\/title>\n<meta name=\"description\" content=\"El objetivo de esta p\u00e1gina es informarle sobre nuestras pol\u00edticas relativas a la recopilaci\u00f3n, el uso y la divulgaci\u00f3n de informaci\u00f3n personal.\" \/>\n<meta name=\"robots\" content=\"index, follow, max-snippet:-1, max-image-preview:large, max-video-preview:-1\" \/>\n<link rel=\"canonical\" href=\"https:\/\/gtgav.com\/es\/politica-de-privacidad\/\" \/>\n<meta property=\"og:locale\" content=\"es_ES\" \/>\n<meta property=\"og:type\" content=\"article\" \/>\n<meta property=\"og:title\" content=\"GTG Aviation Consulting | Pol\u00edtica de Privacidad\" \/>\n<meta property=\"og:description\" content=\"El objetivo de esta p\u00e1gina es informarle sobre nuestras pol\u00edticas relativas a la recopilaci\u00f3n, el uso y la divulgaci\u00f3n de informaci\u00f3n personal.\" \/>\n<meta property=\"og:url\" content=\"https:\/\/gtgav.com\/es\/politica-de-privacidad\/\" \/>\n<meta property=\"og:site_name\" content=\"GTG Aviation Safety\" \/>\n<meta property=\"article:modified_time\" content=\"2026-01-09T13:59:21+00:00\" \/>\n<meta property=\"og:image\" content=\"https:\/\/gtgav.com\/wp-content\/uploads\/2025\/09\/ogimage.jpg\" \/>\n\t<meta property=\"og:image:width\" content=\"1200\" \/>\n\t<meta property=\"og:image:height\" content=\"675\" \/>\n\t<meta property=\"og:image:type\" content=\"image\/jpeg\" \/>\n<meta name=\"twitter:card\" content=\"summary_large_image\" \/>\n<script type=\"application\/ld+json\" class=\"yoast-schema-graph\">{\"@context\":\"https:\\\/\\\/schema.org\",\"@graph\":[{\"@type\":\"WebPage\",\"@id\":\"https:\\\/\\\/gtgav.com\\\/es\\\/politica-de-privacidad\\\/\",\"url\":\"https:\\\/\\\/gtgav.com\\\/es\\\/politica-de-privacidad\\\/\",\"name\":\"GTG Aviation Consulting | Pol\u00edtica de Privacidad\",\"isPartOf\":{\"@id\":\"https:\\\/\\\/cirrusintelligence.ca\\\/#website\"},\"datePublished\":\"2024-03-04T19:47:55+00:00\",\"dateModified\":\"2026-01-09T13:59:21+00:00\",\"description\":\"El objetivo de esta p\u00e1gina es informarle sobre nuestras pol\u00edticas relativas a la recopilaci\u00f3n, el uso y la divulgaci\u00f3n de informaci\u00f3n personal.\",\"breadcrumb\":{\"@id\":\"https:\\\/\\\/gtgav.com\\\/es\\\/politica-de-privacidad\\\/#breadcrumb\"},\"inLanguage\":\"es\",\"potentialAction\":[{\"@type\":\"ReadAction\",\"target\":[\"https:\\\/\\\/gtgav.com\\\/es\\\/politica-de-privacidad\\\/\"]}]},{\"@type\":\"BreadcrumbList\",\"@id\":\"https:\\\/\\\/gtgav.com\\\/es\\\/politica-de-privacidad\\\/#breadcrumb\",\"itemListElement\":[{\"@type\":\"ListItem\",\"position\":1,\"name\":\"Accueil\",\"item\":\"https:\\\/\\\/gtgav.com\\\/es\\\/\"},{\"@type\":\"ListItem\",\"position\":2,\"name\":\"Pol\u00edtica de Privacidad\"}]},{\"@type\":\"WebSite\",\"@id\":\"https:\\\/\\\/cirrusintelligence.ca\\\/#website\",\"url\":\"https:\\\/\\\/cirrusintelligence.ca\\\/\",\"name\":\"GTG Aviation\",\"description\":\"\",\"publisher\":{\"@id\":\"https:\\\/\\\/cirrusintelligence.ca\\\/#organization\"},\"potentialAction\":[{\"@type\":\"SearchAction\",\"target\":{\"@type\":\"EntryPoint\",\"urlTemplate\":\"https:\\\/\\\/cirrusintelligence.ca\\\/?s={search_term_string}\"},\"query-input\":{\"@type\":\"PropertyValueSpecification\",\"valueRequired\":true,\"valueName\":\"search_term_string\"}}],\"inLanguage\":\"es\"},{\"@type\":\"Organization\",\"@id\":\"https:\\\/\\\/cirrusintelligence.ca\\\/#organization\",\"name\":\"GTG Aviation\",\"url\":\"https:\\\/\\\/cirrusintelligence.ca\\\/\",\"logo\":{\"@type\":\"ImageObject\",\"inLanguage\":\"es\",\"@id\":\"https:\\\/\\\/cirrusintelligence.ca\\\/#\\\/schema\\\/logo\\\/image\\\/\",\"url\":\"https:\\\/\\\/gtgav.com\\\/wp-content\\\/uploads\\\/2025\\\/09\\\/ogimage.jpg\",\"contentUrl\":\"https:\\\/\\\/gtgav.com\\\/wp-content\\\/uploads\\\/2025\\\/09\\\/ogimage.jpg\",\"width\":1200,\"height\":675,\"caption\":\"GTG Aviation\"},\"image\":{\"@id\":\"https:\\\/\\\/cirrusintelligence.ca\\\/#\\\/schema\\\/logo\\\/image\\\/\"}}]}<\/script>\n<!-- \/ Yoast SEO plugin. -->","yoast_head_json":{"title":"GTG Aviation Consulting | Pol\u00edtica de Privacidad","description":"El objetivo de esta p\u00e1gina es informarle sobre nuestras pol\u00edticas relativas a la recopilaci\u00f3n, el uso y la divulgaci\u00f3n de informaci\u00f3n personal.","robots":{"index":"index","follow":"follow","max-snippet":"max-snippet:-1","max-image-preview":"max-image-preview:large","max-video-preview":"max-video-preview:-1"},"canonical":"https:\/\/gtgav.com\/es\/politica-de-privacidad\/","og_locale":"es_ES","og_type":"article","og_title":"GTG Aviation Consulting | Pol\u00edtica de Privacidad","og_description":"El objetivo de esta p\u00e1gina es informarle sobre nuestras pol\u00edticas relativas a la recopilaci\u00f3n, el uso y la divulgaci\u00f3n de informaci\u00f3n personal.","og_url":"https:\/\/gtgav.com\/es\/politica-de-privacidad\/","og_site_name":"GTG Aviation Safety","article_modified_time":"2026-01-09T13:59:21+00:00","og_image":[{"width":1200,"height":675,"url":"https:\/\/gtgav.com\/wp-content\/uploads\/2025\/09\/ogimage.jpg","type":"image\/jpeg"}],"twitter_card":"summary_large_image","schema":{"@context":"https:\/\/schema.org","@graph":[{"@type":"WebPage","@id":"https:\/\/gtgav.com\/es\/politica-de-privacidad\/","url":"https:\/\/gtgav.com\/es\/politica-de-privacidad\/","name":"GTG Aviation Consulting | Pol\u00edtica de Privacidad","isPartOf":{"@id":"https:\/\/cirrusintelligence.ca\/#website"},"datePublished":"2024-03-04T19:47:55+00:00","dateModified":"2026-01-09T13:59:21+00:00","description":"El objetivo de esta p\u00e1gina es informarle sobre nuestras pol\u00edticas relativas a la recopilaci\u00f3n, el uso y la divulgaci\u00f3n de informaci\u00f3n personal.","breadcrumb":{"@id":"https:\/\/gtgav.com\/es\/politica-de-privacidad\/#breadcrumb"},"inLanguage":"es","potentialAction":[{"@type":"ReadAction","target":["https:\/\/gtgav.com\/es\/politica-de-privacidad\/"]}]},{"@type":"BreadcrumbList","@id":"https:\/\/gtgav.com\/es\/politica-de-privacidad\/#breadcrumb","itemListElement":[{"@type":"ListItem","position":1,"name":"Accueil","item":"https:\/\/gtgav.com\/es\/"},{"@type":"ListItem","position":2,"name":"Pol\u00edtica de Privacidad"}]},{"@type":"WebSite","@id":"https:\/\/cirrusintelligence.ca\/#website","url":"https:\/\/cirrusintelligence.ca\/","name":"GTG Aviation","description":"","publisher":{"@id":"https:\/\/cirrusintelligence.ca\/#organization"},"potentialAction":[{"@type":"SearchAction","target":{"@type":"EntryPoint","urlTemplate":"https:\/\/cirrusintelligence.ca\/?s={search_term_string}"},"query-input":{"@type":"PropertyValueSpecification","valueRequired":true,"valueName":"search_term_string"}}],"inLanguage":"es"},{"@type":"Organization","@id":"https:\/\/cirrusintelligence.ca\/#organization","name":"GTG Aviation","url":"https:\/\/cirrusintelligence.ca\/","logo":{"@type":"ImageObject","inLanguage":"es","@id":"https:\/\/cirrusintelligence.ca\/#\/schema\/logo\/image\/","url":"https:\/\/gtgav.com\/wp-content\/uploads\/2025\/09\/ogimage.jpg","contentUrl":"https:\/\/gtgav.com\/wp-content\/uploads\/2025\/09\/ogimage.jpg","width":1200,"height":675,"caption":"GTG Aviation"},"image":{"@id":"https:\/\/cirrusintelligence.ca\/#\/schema\/logo\/image\/"}}]}},"_links":{"self":[{"href":"https:\/\/gtgav.com\/es\/wp-json\/wp\/v2\/pages\/1120","targetHints":{"allow":["GET"]}}],"collection":[{"href":"https:\/\/gtgav.com\/es\/wp-json\/wp\/v2\/pages"}],"about":[{"href":"https:\/\/gtgav.com\/es\/wp-json\/wp\/v2\/types\/page"}],"author":[{"embeddable":true,"href":"https:\/\/gtgav.com\/es\/wp-json\/wp\/v2\/users\/1"}],"replies":[{"embeddable":true,"href":"https:\/\/gtgav.com\/es\/wp-json\/wp\/v2\/comments?post=1120"}],"version-history":[{"count":5,"href":"https:\/\/gtgav.com\/es\/wp-json\/wp\/v2\/pages\/1120\/revisions"}],"predecessor-version":[{"id":1201,"href":"https:\/\/gtgav.com\/es\/wp-json\/wp\/v2\/pages\/1120\/revisions\/1201"}],"wp:attachment":[{"href":"https:\/\/gtgav.com\/es\/wp-json\/wp\/v2\/media?parent=1120"}],"curies":[{"name":"wp","href":"https:\/\/api.w.org\/{rel}","templated":true}]}}